{"id":3,"date":"2023-07-04T22:06:42","date_gmt":"2023-07-04T20:06:42","guid":{"rendered":"http:\/\/naturalves.com\/?page_id=3"},"modified":"2024-03-28T16:53:55","modified_gmt":"2024-03-28T22:53:55","slug":"politica-privacidad","status":"publish","type":"page","link":"https:\/\/naturalves.com\/?page_id=3","title":{"rendered":"Pol\u00edtica de privacidad"},"content":{"rendered":"\n<p><strong>Gracias <\/strong>por acceder a la p\u00e1gina web <a href=\"www.naturalves.com\">www.naturalves.com<\/a> (el \u00abSitio\u00bb) operada por <strong>IMULSORA Y DESARROLLADORA SOMOS PRODUCTORES S.C.<\/strong>, sociedad Responsable del Tratamiento de sus Datos Personales, con domicilio en Av. Taxque\u00f1a No. 1960, Colonia San Francisco Culhuac\u00e1n, Alcald\u00eda Coyoac\u00e1n, C.P. 04420, Ciudad de M\u00e9xico.<\/p>\n\n\n\n<p>En Natural VES, todos los d\u00edas trabajamos para servirle cada vez mejor cuando adquiere nuestros productos. Cuidar los Datos Personales que usted nos comparte es una parte fundamental de esto. Por ello, queremos que est\u00e9 seguro de que su informaci\u00f3n est\u00e1 resguardada y protegida con nosotros y conozca c\u00f3mo la usamos para ofrecerle una mejor y m\u00e1s personalizada experiencia de cliente cuando usa nuestros productos.<\/p>\n\n\n\n<p>Esta Pol\u00edtica de Privacidad explica el Tratamiento que hacemos de sus Datos Personales, a quienes, bajo ciertas condiciones, transferimos y\/o transmitimos sus Datos Personales, como tambi\u00e9n las medidas de seguridad que hemos tomado para protegerlos. Asimismo, explica los derechos que usted tiene como Titular de sus Datos Personales y c\u00f3mo puede ejercerlos.<\/p>\n\n\n\n<p>Lo invitamos a leer detalladamente esta Pol\u00edtica de Privacidad y si tiene alguna duda, le pedimos que por favor nos contacte al correo electr\u00f3nico contacto@naturalves.com, o al tel\u00e9fono <a href=\"tel:5587623391\" data-type=\"tel\" data-id=\"tel:5587623391\">(55) 87623391<\/a>.<\/p>\n\n\n\n<h2 class=\"wp-block-heading\">1. AUTORIZACION<\/h2>\n\n\n\n<p>Al aceptar esta Pol\u00edtica de Privacidad, usted autoriza a <strong>NATURAL VES<\/strong> a tratar sus Datos Personales. <a href=\"http:\/\/NATURALVES.COM\" data-type=\"link\" data-id=\"NATURALVES.COM\">NATURALVES.COM<\/a> solo efectuar\u00e1 el Tratamiento de sus Datos Personales cuando cuente con su Autorizaci\u00f3n y \u00fanicamente para los fines que se indican en la secci\u00f3n 4 de este documento. Usted podr\u00e1 revocar su autorizaci\u00f3n en cualquier momento, solicit\u00e1ndolo a trav\u00e9s de cualquiera de los medios que se indican en la presente<\/p>\n\n\n\n<h2 class=\"wp-block-heading\">2. TRANSFERENCIA DE DATOS PERSONALES A EMPRESAS RELACIONADAS Y OTROS<\/h2>\n\n\n\n<p>Adicionalmente, al aceptar esta Pol\u00edtica de Privacidad, usted autoriza a NATURALVES.COM a compartir sus Datos Personales con las Empresas Relacionadas y con los Aliados Comerciales de NATURAL VES y a que \u00e9stos los puedan tratar para los fines que se indican en la secci\u00f3n V. No obstante, en cualquier momento, como Titular, podr\u00e1 revocar la autorizaci\u00f3n otorgada u oponerse al env\u00edo de comunicaciones comerciales, solicit\u00e1ndolo por cualquiera de las v\u00edas que se indican.<\/p>\n\n\n\n<p>Al margen de lo establecido en la presente Pol\u00edtica de Privacidad, NATURALVES.COM no podr\u00e1 vender o divulgar sus Datos Personales a terceros salvo que haya obtenido su consentimiento previamente o est\u00e9 obligado a hacerlo por ley.<\/p>\n\n\n\n<p>NATURALVES.COM ser\u00e1 responsable del cumplimiento efectivo de las obligaciones referentes al Tratamiento de Datos Personales por sus Empresas Relacionadas y sus Aliados Comerciales, sin perjuicio de la responsabilidad que a \u00e9stas les corresponda por cualquier incumplimiento de tales obligaciones. Del mismo modo, en caso de que el Tratamiento de Datos Personales se haya de efectuar por empresas proveedoras de servicios para NATURALVES.COM, dichas empresas proveedoras deber\u00e1n asumir compromisos de confidencialidad y adoptar medidas que aseguren el debido cumplimiento de la normativa de protecci\u00f3n de Datos Personales, en especial las establecidas en la Ley Federal de Protecci\u00f3n de Datos Personales en Posesi\u00f3n de Particulares y su Reglamento.<\/p>\n\n\n\n<h2 class=\"wp-block-heading\">3. PRINCIPIOS GENERALES PARA EL TRATAMIENTO DE DATOS PERSONALES<\/h2>\n\n\n\n<p>Nuestro compromiso es garantizar que todo Tratamiento de Datos Personales que realizamos, se haga siempre respetando los derechos que la Constituci\u00f3n y las leyes le otorgan. Por ello, queremos darle a conocer los principios que nos mueven en esta materia:<\/p>\n\n\n\n<p>Principio de Licitud: Los datos personales deber\u00e1n recabarse y tratarse de manera l\u00edcita. La obtenci\u00f3n de los datos personales no debe hacerse a trav\u00e9s de medio enga\u00f1osos o fraudulentos.<\/p>\n\n\n\n<p>Principio de Consentimiento: Todo Tratamiento de Datos Personales estar\u00e1 sujeto al consentimiento de su titular. El consentimiento ser\u00e1 expreso cuando la voluntad se manifieste verbalmente, por escrito, por medios electr\u00f3nicos, \u00f3pticos o por cualquier otra tecnolog\u00eda o por signos inequ\u00edvocos. El Titular consiente t\u00e1citamente el tratamiento de sus datos, cuando habi\u00e9ndose puesto a su disposici\u00f3n el aviso de privacidad, no manifieste su oposici\u00f3n.<\/p>\n\n\n\n<p>Principio de informaci\u00f3n: El Responsable del Tratamiento de los Datos Personales tendr\u00e1 la obligaci\u00f3n de informar al Titular de los Datos Personales la informaci\u00f3n que se recaba de ellos y con qu\u00e9 fines a trav\u00e9s del aviso de privacidad.<\/p>\n\n\n\n<p>Principio de Calidad: El Responsable del Tratamiento de los Datos Personales procurar\u00e1 que los datos personales contenidos en las bases de datos sean pertinentes, correctos y actualizados para los fines para los cuales fueron recibidos.<\/p>\n\n\n\n<p>Principio de Finalidad: El Tratamiento de los Datos Personales deber\u00e1 limitarse al cumplimiento de las finalidades previstas en el aviso de privacidad. Si el responsable pretende tratar los datos para un fin distinto que no resulte compatible o an\u00e1logo a los fines establecidos en el Aviso de Privacidad, se requerir\u00e1 obtener nuevamente el consentimiento del titular.<\/p>\n\n\n\n<p>Principio de Lealtad: Implica que el Tratamiento de Datos Personales debe llevarse a cabo de forma leal y licita, es decir con pleno cumplimiento de la legalidad y respeto de la buena fe y los derechos del Titular, cuya informaci\u00f3n es sometida a Tratamiento.<\/p>\n\n\n\n<p>Principio de Proporcionalidad: El Responsable del Tratamiento de Datos Personales s\u00f3lo deber\u00e1 usar los Datos Personales del Titular, acorde con los fines expresos de la recopilaci\u00f3n.<\/p>\n\n\n\n<p>Principio de Responsabilidad: El Responsable del Tratamiento de Datos Personales velar\u00e1 por el cumplimiento de los principios de protecci\u00f3n de Datos Personales establecidos la Ley Federal de Protecci\u00f3n de Datos en Posesi\u00f3n de los Particulares, debiendo adoptar las medidas necesarias para su aplicaci\u00f3n, aun cuando fueren tratados por un tercero a solicitud del responsable. El Responsable del Tratamiento de los Datos Personales, deber\u00e1 tomar las medidas necesarias y suficientes para garantizar que el aviso de privacidad dado a conocer al titular, sea respetado en todo momento por el o por terceros con los que guarde alguna relaci\u00f3n jur\u00eddica.<\/p>\n\n\n\n<p>NATURAL VES ser\u00e1 responsable del cumplimiento efectivo de las obligaciones referentes al tratamiento de los datos por sus Empresas Relacionadas, sin perjuicio de la responsabilidad que les quepa a \u00e9stas por cualquier incumplimiento de tales obligaciones. Del mismo modo, en caso de que el tratamiento de datos se haya de efectuar por empresas proveedoras de servicios para Linio o sus Empresas Relacionadas, dichas empresas proveedoras de servicios deber\u00e1n asumir compromisos de confidencialidad y adoptar medidas que aseguren el debido cumplimiento de las obligaciones de la Ley de Protecci\u00f3n de Datos.<\/p>\n\n\n\n<h2 class=\"wp-block-heading\">4. FINALIDADES DE TRATO DE SUS DATOS PERSONALES<\/h2>\n\n\n\n<p>Sus Datos Personales podr\u00e1n ser Tratados por NATURALVES.COM, sus Empresas Relacionadas y Aliados Comerciales directamente o a trav\u00e9s de sus proveedores, exclusivamente para:<\/p>\n\n\n\n<p>Efectuar las gestiones pertinentes para el desarrollo del objeto social de NATURALVES.COM en lo que tiene que ver con el cumplimiento del objeto del contrato celebrado con el Titular.<\/p>\n\n\n\n<p>Dar cumplimiento a obligaciones contra\u00eddas con el Titular.<\/p>\n\n\n\n<p>Suministrar los Datos Personales a terceros con los cuales NATURAL VES tenga relaci\u00f3n contractual y que sea necesario entreg\u00e1rselos para el cumplimiento del objeto contratado.<\/p>\n\n\n\n<p>Preparar, implementar, promocionar y ofrecerle nuevos productos y servicios, o bien, nuevos atributos, modalidades o caracter\u00edsticas a los productos y servicios que ya est\u00e1n a su disposici\u00f3n.<\/p>\n\n\n\n<p>Completar autom\u00e1ticamente los documentos asociados a las transacciones que usted realice en funci\u00f3n de los productos y servicios adquiridos, utilizados o contratados, o que en el futuro adquiera, utilice o contrate, con NATURAL VES y\/o sus Empresas Relacionadas.<\/p>\n\n\n\n<p>Ajustar la oferta de productos y servicios de NATURAL VES y sus Empresas Relacionadas a su perfil de cliente, o bien, efectuar an\u00e1lisis, reportes y evaluaciones a su respecto.<\/p>\n\n\n\n<p>Desarrollar acciones comerciales o servicios post venta, de car\u00e1cter general o dirigidas personalmente a usted, tendientes a mejorar su experiencia como cliente.<\/p>\n\n\n\n<p>Enviar informaci\u00f3n v\u00eda correo f\u00edsico, electr\u00f3nico, mensajes de texto (SMS y\/o MMS), medios digitales tales como Facebook, o \u00abWhatsApp\u00bb u otras plataformas similares, al n\u00famero de celular o medio de comunicaci\u00f3n que nos entregues, para enviarte la siguiente informaci\u00f3n:<\/p>\n\n\n\n<ul class=\"wp-block-list\">\n<li>( i ) Acerca de la entrega y estado de sus pedidos realizados en el Sitio; <\/li>\n\n\n\n<li>(ii) Para enviarle informaci\u00f3n comercial, o de ofertas o promociones sobre los productos o servicios de NATURAL VES o de sus Empresas Relacionadas, o para realizar encuestas o confirmar sus Datos Personales; y <\/li>\n\n\n\n<li>(iii) Para que puedas hacer uso de los beneficios de NATURAL VES por cualquiera de los canales de comunicaci\u00f3n, venta o canje dispuestos, tanto presenciales como remotos.<\/li>\n<\/ul>\n\n\n\n<p>Compartir los Datos Personales con terceros para el cumplimiento, por parte de NATURAL VES, de la regulaci\u00f3n de lavado de activos y financiaci\u00f3n del terrorismo.<\/p>\n\n\n\n<p>Compartir los Datos Personales con terceros a efectos de protecci\u00f3n contra el fraude y la reducci\u00f3n de riesgo de cr\u00e9dito.<\/p>\n\n\n\n<p>Compartir los Datos Personales con terceros que tengan la calidad de Aliados Comerciales y Empresas Relacionadas para que puedan ofrecer productos y\/o servicios que permitan mejorar la oferta de valor destinada a los clientes de NATURAL VES, todo lo anterior de conformidad con lo dispuesto en la Ley Federal de Protecci\u00f3n de Datos Personales en Posesi\u00f3n de Particulares.<\/p>\n\n\n\n<p>Transferir datos personales fuera o dentro del pa\u00eds a las Empresas Relacionadas para que \u00e9stas puedan tratar sus Datos Personales de acuerdo a las finalidades consagradas en esta Pol\u00edtica, de conformidad con lo establecido en la secci\u00f3n V de la misma.<\/p>\n\n\n\n<p>Transmitir los Datos Personales dentro o fuera del pa\u00eds a terceros de conformidad con lo establecido en la secci\u00f3n III de esta pol\u00edtica.<\/p>\n\n\n\n<h2 class=\"wp-block-heading\">5. RECOLECCION DE DATOS PERSONALES<\/h2>\n\n\n\n<p>En esta secci\u00f3n listamos algunos de los medios a trav\u00e9s de los cuales NATURAL VES accede a sus Datos Personales:<\/p>\n\n\n\n<ul class=\"wp-block-list\">\n<li>Cuando usted crea una cuenta en el Sitio.<\/li>\n\n\n\n<li>Cuando usted visita nuestro Sitio, y entrando a trav\u00e9s de su cuenta, navega en la red o adquiere alg\u00fan producto o servicio.<\/li>\n\n\n\n<li>Cuando usted completa alg\u00fan formulario o participa en alg\u00fan concurso, encuesta o comenta o hace un \u201creview\u201d respecto de alg\u00fan producto o servicio.<\/li>\n\n\n\n<li>Cuando una Empresa Relacionada previamente autorizada por usted, le comparte a NATURAL VES Datos Personales que \u00e9sta tiene de usted.<\/li>\n\n\n\n<li>Cuando un tercero, previamente autorizado por usted, le comparte a NATURAL VES Datos Personales que \u00e9ste tiene de usted.<\/li>\n<\/ul>\n\n\n\n<h2 class=\"wp-block-heading\">6. DERECHOS ARCO<\/h2>\n\n\n\n<p>En los t\u00e9rminos de la normativa aplicable, usted tiene derecho a conocer qu\u00e9 datos personales tenemos de usted, para qu\u00e9 los utilizamos y las condiciones del uso que les damos (Acceso). Asimismo, es su derecho solicitar la correcci\u00f3n de su informaci\u00f3n personal en caso de que est\u00e9 desactualizada, sea inexacta o incompleta (Rectificaci\u00f3n); que la eliminemos de nuestros registros o bases de datos cuando considere que la misma no est\u00e1 siendo utilizada adecuadamente (Cancelaci\u00f3n); as\u00ed como oponerse al uso de sus datos personales para fines espec\u00edficos (Oposici\u00f3n). Estos derechos se conocen como derechos ARCO. 4 Para el ejercicio de cualquiera de los derechos ARCO, usted deber\u00e1 presentar la solicitud respectiva a trav\u00e9s de un correo electr\u00f3nico dirigido a nuestro oficial de privacidad, quien le informar\u00e1 sobre el procedimiento y requisitos para el ejercicio de esos derechos, plazos de respuesta, la forma en que haremos efectivo su derecho, y atender\u00e1 cualquier duda, queja o comentario que tenga al respecto.<\/p>\n\n\n\n<h2 class=\"wp-block-heading\">7. COOKIES Y SU USO<\/h2>\n\n\n\n<p>En NATURAL VES usamos cookies y tecnolog\u00edas similares para personalizar y mejorar su experiencia de cliente y para mostrarle publicidad online relevante.<\/p>\n\n\n\n<p>Las cookies son peque\u00f1os archivos de texto que contienen un identificador \u00fanico que se almacena en el computador o aparato m\u00f3vil a trav\u00e9s del cual usted accede al Sitio, de manera que aquellos pueden ser reconocidos cada vez que usa el Sitio.<\/p>\n\n\n\n<p>Usted puede elegir deshabilitar en cualquier momento algunas o todas las cookies que utilizamos. Sin embargo, esto podr\u00eda restringir su uso del Sitio y limitar su experiencia en el mismo. El uso de cookies no contiene ni afecta Datos Personales y no representa peligro de virus. Si desea obtener m\u00e1s informaci\u00f3n acerca de las cookies, vaya a <a href=\"http:\/\/www.allaboutcookies.org\/\">http:\/\/www.allaboutcookies.org<\/a>. Si desea obtener informaci\u00f3n sobre la eliminaci\u00f3n de las cookies visite el sitio webhttp:\/\/www.allaboutcookies.org\/manage-cookies\/index.html.<\/p>\n\n\n\n<h2 class=\"wp-block-heading\">8. VIGENCIA Y MODIFICACION DE ESTA POLITICA DE PRIVACIDAD<\/h2>\n\n\n\n<p>La presente pol\u00edtica aplicar\u00e1 a partir del d\u00eda 09 de mayo de 2022 y sus Datos Personales permanecer\u00e1n almacenados solo por el tiempo que sea requerido por Ley, o para el cumplimiento de los fines que han sido autorizados por usted.<\/p>\n\n\n\n<p>Esta Pol\u00edtica podr\u00e1 ser modificada por Linio en cualquier momento. Sin perjuicio de lo anterior, NATURAL VES le informar\u00e1, por los medios que se estime convenientes, de cualquier cambio sustancial con anterioridad a que dicha modificaci\u00f3n entre en vigencia.<\/p>\n","protected":false},"excerpt":{"rendered":"<p>Gracias por acceder a la p\u00e1gina web www.naturalves.com (el \u00abSitio\u00bb) operada por IMULSORA Y DESARROLLADORA SOMOS PRODUCTORES S.C., sociedad Responsable del Tratamiento de sus Datos Personales, con domicilio en Av. Taxque\u00f1a No. 1960, Colonia San Francisco Culhuac\u00e1n, Alcald\u00eda Coyoac\u00e1n, C.P. 04420, Ciudad de M\u00e9xico. En Natural VES, todos los d\u00edas trabajamos para servirle cada vez &hellip;<\/p>\n<p class=\"read-more\"> <a class=\"\" href=\"https:\/\/naturalves.com\/?page_id=3\"> <span class=\"screen-reader-text\">Pol\u00edtica de privacidad<\/span> Leer m\u00e1s &raquo;<\/a><\/p>\n","protected":false},"author":1,"featured_media":0,"parent":0,"menu_order":0,"comment_status":"closed","ping_status":"closed","template":"","meta":{"_uag_custom_page_level_css":"","site-sidebar-layout":"default","site-content-layout":"default","ast-global-header-display":"","ast-banner-title-visibility":"","ast-main-header-display":"","ast-hfb-above-header-display":"","ast-hfb-below-header-display":"","ast-hfb-mobile-header-display":"","site-post-title":"","ast-breadcrumbs-content":"","ast-featured-img":"","footer-sml-layout":"","theme-transparent-header-meta":"","adv-header-id-meta":"","stick-header-meta":"","header-above-stick-meta":"","header-main-stick-meta":"","header-below-stick-meta":"","footnotes":""},"class_list":["post-3","page","type-page","status-publish","hentry"],"jetpack_sharing_enabled":true,"uagb_featured_image_src":{"full":false,"thumbnail":false,"medium":false,"medium_large":false,"large":false,"1536x1536":false,"2048x2048":false,"woocommerce_thumbnail":false,"woocommerce_single":false,"woocommerce_gallery_thumbnail":false},"uagb_author_info":{"display_name":"jlacevedo.1809","author_link":"https:\/\/naturalves.com\/?author=1"},"uagb_comment_info":0,"uagb_excerpt":"Gracias por acceder a la p\u00e1gina web www.naturalves.com (el \u00abSitio\u00bb) operada por IMULSORA Y DESARROLLADORA SOMOS PRODUCTORES S.C., sociedad Responsable del Tratamiento de sus Datos Personales, con domicilio en Av. Taxque\u00f1a No. 1960, Colonia San Francisco Culhuac\u00e1n, Alcald\u00eda Coyoac\u00e1n, C.P. 04420, Ciudad de M\u00e9xico. En Natural VES, todos los d\u00edas trabajamos para servirle cada vez&hellip;","_links":{"self":[{"href":"https:\/\/naturalves.com\/index.php?rest_route=\/wp\/v2\/pages\/3","targetHints":{"allow":["GET"]}}],"collection":[{"href":"https:\/\/naturalves.com\/index.php?rest_route=\/wp\/v2\/pages"}],"about":[{"href":"https:\/\/naturalves.com\/index.php?rest_route=\/wp\/v2\/types\/page"}],"author":[{"embeddable":true,"href":"https:\/\/naturalves.com\/index.php?rest_route=\/wp\/v2\/users\/1"}],"replies":[{"embeddable":true,"href":"https:\/\/naturalves.com\/index.php?rest_route=%2Fwp%2Fv2%2Fcomments&post=3"}],"version-history":[{"count":1,"href":"https:\/\/naturalves.com\/index.php?rest_route=\/wp\/v2\/pages\/3\/revisions"}],"predecessor-version":[{"id":1445,"href":"https:\/\/naturalves.com\/index.php?rest_route=\/wp\/v2\/pages\/3\/revisions\/1445"}],"wp:attachment":[{"href":"https:\/\/naturalves.com\/index.php?rest_route=%2Fwp%2Fv2%2Fmedia&parent=3"}],"curies":[{"name":"wp","href":"https:\/\/api.w.org\/{rel}","templated":true}]}}