{"id":329,"date":"2022-03-09T05:57:21","date_gmt":"2022-03-09T05:57:21","guid":{"rendered":"http:\/\/naturalves.com\/?page_id=329"},"modified":"2023-07-14T19:31:14","modified_gmt":"2023-07-14T17:31:14","slug":"about","status":"publish","type":"page","link":"https:\/\/naturalves.com\/?page_id=329","title":{"rendered":"Nosotros"},"content":{"rendered":"\n<div class=\"wp-block-uagb-container uagb-block-dc210b86 alignfull uagb-is-root-container\"><div class=\"uagb-container-inner-blocks-wrap\">\n<div data-aos= \"fade-down\" data-aos-duration=\"400\" data-aos-delay=\"0\" data-aos-easing=\"ease\" data-aos-once=\"true\" class=\"wp-block-uagb-advanced-heading uagb-block-6a861f73\"><h1 class=\"uagb-heading-text\">Innovaci\u00f3n Tecnol\u00f3gica para tu salud<\/h1><\/div>\n<\/div><\/div>\n\n\n\n<div class=\"wp-block-uagb-container uagb-block-c147d4c8 alignfull uagb-is-root-container\"><div class=\"uagb-container-inner-blocks-wrap\">\n<div class=\"wp-block-uagb-info-box uagb-block-58aecfb9 uagb-infobox__content-wrap  uagb-infobox-icon-above-title uagb-infobox-image-valign-top\"><div class=\"uagb-ifb-content\"><div class=\"uagb-ifb-title-wrap\"><span class=\"uagb-ifb-title-prefix\">Nuestro Compromiso <\/span><h2 class=\"uagb-ifb-title\">Ofrecerte suplementos nutricionales con formulas altamente efectivas, elaboradas con lo mejor de la naturaleza para brindarte un producto \u00fanico en el mercado.<\/h2><\/div><div class=\"uagb-ifb-separator\"><\/div><\/div><\/div>\n\n\n\n<div class=\"wp-block-uagb-container uagb-block-3212669b\">\n<div class=\"wp-block-uagb-container uagb-block-268defff\">\n<div class=\"wp-block-uagb-advanced-heading uagb-block-87463b24\"><h6 class=\"uagb-heading-text\">Innovaci\u00f3n Tecnol\u00f3gica<\/h6><\/div>\n<\/div>\n\n\n\n<div class=\"wp-block-uagb-container uagb-block-80eb2c9d\">\n<div class=\"wp-block-uagb-advanced-heading uagb-block-9c184e7d\"><h3 class=\"uagb-heading-text\">VIDA, ENERGIA Y SALUD.<\/h3><p class=\"uagb-desc-text\">En Natural VES estamos convencidos de que la salud es el principal pilar de todos los seres humanos, por eso trabajamos para ofrecerte productos de m\u00e1xima calidad a una gran precio, para que todos podamos tener una mejor vida.<\/p><\/div>\n<\/div>\n<\/div>\n<\/div><\/div>\n\n\n\n<div class=\"wp-block-uagb-container uagb-block-855851e1 alignfull uagb-is-root-container\"><div class=\"uagb-container-inner-blocks-wrap\">\n<div class=\"wp-block-uagb-info-box uagb-block-f09501be uagb-infobox__content-wrap  uagb-infobox-icon-above-title uagb-infobox-image-valign-top\"><div class=\"uagb-ifb-content\"><div class=\"uagb-ifb-title-wrap\"><span class=\"uagb-ifb-title-prefix\">Garant\u00eda Natural VES<\/span><h2 class=\"uagb-ifb-title\">Nuestras f\u00f3rmulas son \u00fanicas y exclusivas, est\u00e1n elaboradas con ingredientes de calidad mundial, garantizado.<\/h2><\/div><\/div><\/div>\n<\/div><\/div>\n\n\n\n<div class=\"wp-block-uagb-container uagb-block-b1f92f66 alignfull uagb-is-root-container\"><div class=\"uagb-container-inner-blocks-wrap\">\n<div class=\"wp-block-uagb-container uagb-block-b8769f2e\">\n<div class=\"wp-block-uagb-container uagb-block-c396d3e9\">\n<div class=\"wp-block-uagb-advanced-heading uagb-block-57a1aea1\"><h6 class=\"uagb-heading-text\">Misi\u00f3n<\/h6><\/div>\n<\/div>\n\n\n\n<div class=\"wp-block-uagb-container uagb-block-2f6f2f62\">\n<div class=\"wp-block-uagb-info-box uagb-block-d233ac46 uagb-infobox__content-wrap  uagb-infobox-icon-above-title uagb-infobox-image-valign-top\"><div class=\"uagb-ifb-content\"><div class=\"uagb-ifb-title-wrap\"><div class=\"uagb-ifb-separator\"><\/div><h3 class=\"uagb-ifb-title\">Entregamos lo mejor de la naturaleza<\/h3><\/div><p class=\"uagb-ifb-desc\"><br>Trabajamos con pasi\u00f3n, honestidad y calidad en todos nuestros procesos, entregamos lo mejor de la naturaleza a la sociedad para que tenga una mejor calidad de vida.<\/p><\/div><\/div>\n<\/div>\n<\/div>\n\n\n\n<div class=\"wp-block-uagb-container uagb-block-64f4fb2b\">\n<div class=\"wp-block-uagb-container uagb-block-787c0b63\">\n<div class=\"wp-block-uagb-advanced-heading uagb-block-dfdf2d6a\"><h6 class=\"uagb-heading-text\">Visi\u00f3n<\/h6><\/div>\n<\/div>\n\n\n\n<div class=\"wp-block-uagb-container uagb-block-460d6fff\">\n<div class=\"wp-block-uagb-info-box uagb-block-02cd5ae9 uagb-infobox__content-wrap  uagb-infobox-icon-above-title uagb-infobox-image-valign-top\"><div class=\"uagb-ifb-content\"><div class=\"uagb-ifb-title-wrap\"><div class=\"uagb-ifb-separator\"><\/div><h3 class=\"uagb-ifb-title\">Cambiar VIDAS<\/h3><\/div><p class=\"uagb-ifb-desc\">Ser el cambio en tu vida que mejore tu salud y bienestar de toda tu familia .<\/p><\/div><\/div>\n<\/div>\n<\/div>\n<\/div><\/div>\n\n\n\n<div class=\"wp-block-uagb-container uagb-block-c5d48a83 alignfull uagb-is-root-container\"><div class=\"uagb-container-inner-blocks-wrap\">\n<div class=\"wp-block-uagb-info-box uagb-block-9a4d944d uagb-infobox__content-wrap  uagb-infobox-icon-above-title uagb-infobox-image-valign-top\"><div class=\"uagb-ifb-content\"><div class=\"uagb-ifb-title-wrap\"><span class=\"uagb-ifb-title-prefix\">Un cuerpo sano es un cuerpo fuerte<\/span><h2 class=\"uagb-ifb-title\">Cambia tu vida mejorando tu nutrici\u00f3n, recuerda que nuestro cuerpo es lo m\u00e1s importante y deb\u00e9mos mantenerlo en perfecta salud.<\/h2><\/div><div class=\"uagb-ifb-button-wrapper wp-block-button\"><a href=\"#\" class=\"uagb-infobox-cta-link wp-block-button__link\" target=\"_self\" rel=\"noopener noreferrer\" onclick=\"return false;\" alt=\"\"><span class=\"uagb-inline-editing\">cOmPrar ahora<\/span><\/a><\/div><\/div><\/div>\n<\/div><\/div>\n","protected":false},"excerpt":{"rendered":"<p>Innovaci\u00f3n Tecnol\u00f3gica para tu salud Innovaci\u00f3n Tecnol\u00f3gica VIDA, ENERGIA Y SALUD. En Natural VES estamos convencidos de que la salud es el principal pilar de todos los seres humanos, por eso trabajamos para ofrecerte productos de m\u00e1xima calidad a una gran precio, para que todos podamos tener una mejor vida. Misi\u00f3n Visi\u00f3n<\/p>\n","protected":false},"author":1,"featured_media":0,"parent":0,"menu_order":0,"comment_status":"closed","ping_status":"closed","template":"","meta":{"_uag_custom_page_level_css":"","site-sidebar-layout":"no-sidebar","site-content-layout":"page-builder","ast-global-header-display":"","ast-banner-title-visibility":"","ast-main-header-display":"","ast-hfb-above-header-display":"","ast-hfb-below-header-display":"","ast-hfb-mobile-header-display":"","site-post-title":"disabled","ast-breadcrumbs-content":"","ast-featured-img":"disabled","footer-sml-layout":"","theme-transparent-header-meta":"","adv-header-id-meta":"","stick-header-meta":"","header-above-stick-meta":"","header-main-stick-meta":"","header-below-stick-meta":"","footnotes":""},"class_list":["post-329","page","type-page","status-publish","hentry"],"jetpack_sharing_enabled":true,"uagb_featured_image_src":{"full":false,"thumbnail":false,"medium":false,"medium_large":false,"large":false,"1536x1536":false,"2048x2048":false,"woocommerce_thumbnail":false,"woocommerce_single":false,"woocommerce_gallery_thumbnail":false},"uagb_author_info":{"display_name":"jlacevedo.1809","author_link":"https:\/\/naturalves.com\/?author=1"},"uagb_comment_info":0,"uagb_excerpt":"Innovaci\u00f3n Tecnol\u00f3gica para tu salud Innovaci\u00f3n Tecnol\u00f3gica VIDA, ENERGIA Y SALUD. En Natural VES estamos convencidos de que la salud es el principal pilar de todos los seres humanos, por eso trabajamos para ofrecerte productos de m\u00e1xima calidad a una gran precio, para que todos podamos tener una mejor vida. Misi\u00f3n Visi\u00f3n","_links":{"self":[{"href":"https:\/\/naturalves.com\/index.php?rest_route=\/wp\/v2\/pages\/329","targetHints":{"allow":["GET"]}}],"collection":[{"href":"https:\/\/naturalves.com\/index.php?rest_route=\/wp\/v2\/pages"}],"about":[{"href":"https:\/\/naturalves.com\/index.php?rest_route=\/wp\/v2\/types\/page"}],"author":[{"embeddable":true,"href":"https:\/\/naturalves.com\/index.php?rest_route=\/wp\/v2\/users\/1"}],"replies":[{"embeddable":true,"href":"https:\/\/naturalves.com\/index.php?rest_route=%2Fwp%2Fv2%2Fcomments&post=329"}],"version-history":[{"count":32,"href":"https:\/\/naturalves.com\/index.php?rest_route=\/wp\/v2\/pages\/329\/revisions"}],"predecessor-version":[{"id":1326,"href":"https:\/\/naturalves.com\/index.php?rest_route=\/wp\/v2\/pages\/329\/revisions\/1326"}],"wp:attachment":[{"href":"https:\/\/naturalves.com\/index.php?rest_route=%2Fwp%2Fv2%2Fmedia&parent=329"}],"curies":[{"name":"wp","href":"https:\/\/api.w.org\/{rel}","templated":true}]}}