{"id":1400,"date":"2023-10-19T16:22:36","date_gmt":"2023-10-19T22:22:36","guid":{"rendered":"https:\/\/naturalves.com\/?post_type=product&#038;p=1400"},"modified":"2025-01-06T15:32:23","modified_gmt":"2025-01-06T21:32:23","slug":"zinc","status":"publish","type":"product","link":"https:\/\/naturalves.com\/?product=zinc","title":{"rendered":"ZINC"},"content":{"rendered":"<p>Poderosa Formula \u00fanica y Magistral.<\/p>\n<p>Zinc adicionado con: C\u00farcuma, Selenio, Jengibre y Vitamina E<\/p>\n<p>Ayuda al sistema inmunitario a luchar contra las bacterias y los virus que lo atacan.\u00a0El cuerpo tambi\u00e9n usa el zinc para producir ADN (el material gen\u00e9tico de las c\u00e9lulas) y las prote\u00ednas.<\/p>\n","protected":false},"excerpt":{"rendered":"<p>Poderosa Formula \u00fanica y Magistral.<\/p>\n<p>Zinc adicionado con: C\u00farcuma, Selenio, Jengibre y Vitamina E<\/p>\n<p>Ayuda al sistema inmunitario a luchar contra las bacterias y los virus que lo atacan.\u00a0El cuerpo tambi\u00e9n usa el zinc para producir ADN (el material gen\u00e9tico de las c\u00e9lulas) y las prote\u00ednas.<\/p>\n","protected":false},"featured_media":1401,"comment_status":"open","ping_status":"closed","template":"","meta":{"_uag_custom_page_level_css":"","site-sidebar-layout":"default","site-content-layout":"default","ast-global-header-display":"","ast-banner-title-visibility":"","ast-main-header-display":"","ast-hfb-above-header-display":"","ast-hfb-below-header-display":"","ast-hfb-mobile-header-display":"","site-post-title":"","ast-breadcrumbs-content":"","ast-featured-img":"","footer-sml-layout":"","theme-transparent-header-meta":"default","adv-header-id-meta":"","stick-header-meta":"","header-above-stick-meta":"","header-main-stick-meta":"","header-below-stick-meta":""},"product_cat":[25],"product_tag":[],"class_list":{"0":"post-1400","1":"product","2":"type-product","3":"status-publish","4":"has-post-thumbnail","6":"product_cat-cuidado-y-belleza","7":"desktop-align-center","8":"tablet-align-left","9":"mobile-align-left","11":"first","12":"instock","13":"sale","14":"shipping-taxable","15":"purchasable","16":"product-type-simple"},"jetpack_sharing_enabled":true,"uagb_featured_image_src":{"full":["https:\/\/naturalves.com\/wp-content\/uploads\/2023\/10\/Zinc-01.png",1043,1043,false],"thumbnail":["https:\/\/naturalves.com\/wp-content\/uploads\/2023\/10\/Zinc-01.png",150,150,false],"medium":["https:\/\/naturalves.com\/wp-content\/uploads\/2023\/10\/Zinc-01.png",300,300,false],"medium_large":["https:\/\/naturalves.com\/wp-content\/uploads\/2023\/10\/Zinc-01.png",768,768,false],"large":["https:\/\/naturalves.com\/wp-content\/uploads\/2023\/10\/Zinc-01.png",1024,1024,false],"1536x1536":["https:\/\/naturalves.com\/wp-content\/uploads\/2023\/10\/Zinc-01.png",1043,1043,false],"2048x2048":["https:\/\/naturalves.com\/wp-content\/uploads\/2023\/10\/Zinc-01.png",1043,1043,false],"woocommerce_thumbnail":["https:\/\/naturalves.com\/wp-content\/uploads\/2023\/10\/Zinc-01.png",300,300,false],"woocommerce_single":["https:\/\/naturalves.com\/wp-content\/uploads\/2023\/10\/Zinc-01.png",600,600,false],"woocommerce_gallery_thumbnail":["https:\/\/naturalves.com\/wp-content\/uploads\/2023\/10\/Zinc-01.png",100,100,false]},"uagb_author_info":{"display_name":"jlacevedo.1809","author_link":"https:\/\/naturalves.com\/?author=0"},"uagb_comment_info":0,"uagb_excerpt":"Poderosa Formula \u00fanica y Magistral. Zinc adicionado con: C\u00farcuma, Selenio, Jengibre y Vitamina E Ayuda al sistema inmunitario a luchar contra las bacterias y los virus que lo atacan.\u00a0El cuerpo tambi\u00e9n usa el zinc para producir ADN (el material gen\u00e9tico de las c\u00e9lulas) y las prote\u00ednas.","_links":{"self":[{"href":"https:\/\/naturalves.com\/index.php?rest_route=\/wp\/v2\/product\/1400","targetHints":{"allow":["GET"]}}],"collection":[{"href":"https:\/\/naturalves.com\/index.php?rest_route=\/wp\/v2\/product"}],"about":[{"href":"https:\/\/naturalves.com\/index.php?rest_route=\/wp\/v2\/types\/product"}],"replies":[{"embeddable":true,"href":"https:\/\/naturalves.com\/index.php?rest_route=%2Fwp%2Fv2%2Fcomments&post=1400"}],"wp:featuredmedia":[{"embeddable":true,"href":"https:\/\/naturalves.com\/index.php?rest_route=\/wp\/v2\/media\/1401"}],"wp:attachment":[{"href":"https:\/\/naturalves.com\/index.php?rest_route=%2Fwp%2Fv2%2Fmedia&parent=1400"}],"wp:term":[{"taxonomy":"product_cat","embeddable":true,"href":"https:\/\/naturalves.com\/index.php?rest_route=%2Fwp%2Fv2%2Fproduct_cat&post=1400"},{"taxonomy":"product_tag","embeddable":true,"href":"https:\/\/naturalves.com\/index.php?rest_route=%2Fwp%2Fv2%2Fproduct_tag&post=1400"}],"curies":[{"name":"wp","href":"https:\/\/api.w.org\/{rel}","templated":true}]}}