{"id":1402,"date":"2023-10-19T16:33:48","date_gmt":"2023-10-19T22:33:48","guid":{"rendered":"https:\/\/naturalves.com\/?post_type=product&#038;p=1402"},"modified":"2025-01-06T15:32:04","modified_gmt":"2025-01-06T21:32:04","slug":"colageno","status":"publish","type":"product","link":"https:\/\/naturalves.com\/?product=colageno","title":{"rendered":"COL\u00c1GENO"},"content":{"rendered":"<p>Formula \u00fanica y magistral.<\/p>\n<p>Col\u00e1geno adicionado con \u00c1cido Hialur\u00f3nico<\/p>\n<p>Una de sus funciones es la de\u00a0proveer de estructura a la mayor parte de nuestro cuerpo, ya que es la unidad estructural de huesos y articulaciones, m\u00fasculos y piel, as\u00ed como de otras partes corporales como venas, arterias, c\u00f3rneas y dientes.<\/p>\n","protected":false},"excerpt":{"rendered":"<p>Formula \u00fanica y magistral.<\/p>\n<p>Col\u00e1geno adicionado con \u00c1cido Hialur\u00f3nico<\/p>\n<p>Una de sus funciones es la de\u00a0proveer de estructura a la mayor parte de nuestro cuerpo, ya que es la unidad estructural de huesos y articulaciones, m\u00fasculos y piel, as\u00ed como de otras partes corporales como venas, arterias, c\u00f3rneas y dientes.<\/p>\n","protected":false},"featured_media":1403,"comment_status":"open","ping_status":"closed","template":"","meta":{"_uag_custom_page_level_css":"","site-sidebar-layout":"default","site-content-layout":"default","ast-global-header-display":"","ast-banner-title-visibility":"","ast-main-header-display":"","ast-hfb-above-header-display":"","ast-hfb-below-header-display":"","ast-hfb-mobile-header-display":"","site-post-title":"","ast-breadcrumbs-content":"","ast-featured-img":"","footer-sml-layout":"","theme-transparent-header-meta":"default","adv-header-id-meta":"","stick-header-meta":"","header-above-stick-meta":"","header-main-stick-meta":"","header-below-stick-meta":""},"product_cat":[25],"product_tag":[],"class_list":{"0":"post-1402","1":"product","2":"type-product","3":"status-publish","4":"has-post-thumbnail","6":"product_cat-cuidado-y-belleza","7":"desktop-align-center","8":"tablet-align-left","9":"mobile-align-left","11":"first","12":"instock","13":"sale","14":"shipping-taxable","15":"purchasable","16":"product-type-simple"},"jetpack_sharing_enabled":true,"uagb_featured_image_src":{"full":["https:\/\/naturalves.com\/wp-content\/uploads\/2023\/10\/Colageno-01.png",1043,1043,false],"thumbnail":["https:\/\/naturalves.com\/wp-content\/uploads\/2023\/10\/Colageno-01.png",150,150,false],"medium":["https:\/\/naturalves.com\/wp-content\/uploads\/2023\/10\/Colageno-01.png",300,300,false],"medium_large":["https:\/\/naturalves.com\/wp-content\/uploads\/2023\/10\/Colageno-01.png",768,768,false],"large":["https:\/\/naturalves.com\/wp-content\/uploads\/2023\/10\/Colageno-01.png",1024,1024,false],"1536x1536":["https:\/\/naturalves.com\/wp-content\/uploads\/2023\/10\/Colageno-01.png",1043,1043,false],"2048x2048":["https:\/\/naturalves.com\/wp-content\/uploads\/2023\/10\/Colageno-01.png",1043,1043,false],"woocommerce_thumbnail":["https:\/\/naturalves.com\/wp-content\/uploads\/2023\/10\/Colageno-01.png",300,300,false],"woocommerce_single":["https:\/\/naturalves.com\/wp-content\/uploads\/2023\/10\/Colageno-01.png",600,600,false],"woocommerce_gallery_thumbnail":["https:\/\/naturalves.com\/wp-content\/uploads\/2023\/10\/Colageno-01.png",100,100,false]},"uagb_author_info":{"display_name":"jlacevedo.1809","author_link":"https:\/\/naturalves.com\/?author=0"},"uagb_comment_info":0,"uagb_excerpt":"Formula \u00fanica y magistral. Col\u00e1geno adicionado con \u00c1cido Hialur\u00f3nico Una de sus funciones es la de\u00a0proveer de estructura a la mayor parte de nuestro cuerpo, ya que es la unidad estructural de huesos y articulaciones, m\u00fasculos y piel, as\u00ed como de otras partes corporales como venas, arterias, c\u00f3rneas y dientes.","_links":{"self":[{"href":"https:\/\/naturalves.com\/index.php?rest_route=\/wp\/v2\/product\/1402","targetHints":{"allow":["GET"]}}],"collection":[{"href":"https:\/\/naturalves.com\/index.php?rest_route=\/wp\/v2\/product"}],"about":[{"href":"https:\/\/naturalves.com\/index.php?rest_route=\/wp\/v2\/types\/product"}],"replies":[{"embeddable":true,"href":"https:\/\/naturalves.com\/index.php?rest_route=%2Fwp%2Fv2%2Fcomments&post=1402"}],"wp:featuredmedia":[{"embeddable":true,"href":"https:\/\/naturalves.com\/index.php?rest_route=\/wp\/v2\/media\/1403"}],"wp:attachment":[{"href":"https:\/\/naturalves.com\/index.php?rest_route=%2Fwp%2Fv2%2Fmedia&parent=1402"}],"wp:term":[{"taxonomy":"product_cat","embeddable":true,"href":"https:\/\/naturalves.com\/index.php?rest_route=%2Fwp%2Fv2%2Fproduct_cat&post=1402"},{"taxonomy":"product_tag","embeddable":true,"href":"https:\/\/naturalves.com\/index.php?rest_route=%2Fwp%2Fv2%2Fproduct_tag&post=1402"}],"curies":[{"name":"wp","href":"https:\/\/api.w.org\/{rel}","templated":true}]}}