{"id":195,"date":"2021-09-30T16:50:04","date_gmt":"2021-09-30T21:50:04","guid":{"rendered":"http:\/\/naturalves.com\/?product=ayurvedic-immunity-tea-6"},"modified":"2025-01-06T15:33:19","modified_gmt":"2025-01-06T21:33:19","slug":"colageno-con-acido-hialuronico","status":"publish","type":"product","link":"https:\/\/naturalves.com\/?product=colageno-con-acido-hialuronico","title":{"rendered":"COL\u00c1GENO CON \u00c1CIDO HIALUR\u00d3NICO"},"content":{"rendered":"<p>Col\u00e1geno Hidrolizado, adicionado con \u00c1cido Hialur\u00f3nico; Poderosa f\u00f3rmula \u00fanica y magistral que te brinda los nutrientes necesarios para nutrir tu piel, u\u00f1as y cabellos, ademas de proteger tus articulaciones y ligamentos.<\/p>\n<p>Previene y reduce las arrugas y lineas de expresi\u00f3n, cabello y u\u00f1as m\u00e1s fuertes, frena la degeneraci\u00f3n de las articulaciones y densidad \u00f3sea.<\/p>\n","protected":false},"excerpt":{"rendered":"<p>Poderosa f\u00f3rmula \u00fanica y magistral que te brinda los nutrientes necesarios para nutrir tu piel, proteger tus articulaciones y ligamentos.<\/p>\n<p>Precursor natural de elastina para una piel m\u00e1s tersa y firme<\/p>\n","protected":false},"featured_media":1478,"comment_status":"open","ping_status":"closed","template":"","meta":{"_uag_custom_page_level_css":"","site-sidebar-layout":"default","site-content-layout":"default","ast-global-header-display":"","ast-banner-title-visibility":"","ast-main-header-display":"","ast-hfb-above-header-display":"","ast-hfb-below-header-display":"","ast-hfb-mobile-header-display":"","site-post-title":"","ast-breadcrumbs-content":"","ast-featured-img":"","footer-sml-layout":"","theme-transparent-header-meta":"default","adv-header-id-meta":"","stick-header-meta":"","header-above-stick-meta":"","header-main-stick-meta":"","header-below-stick-meta":""},"product_cat":[24],"product_tag":[],"class_list":{"0":"post-195","1":"product","2":"type-product","3":"status-publish","4":"has-post-thumbnail","6":"product_cat-protec","7":"desktop-align-center","8":"tablet-align-left","9":"mobile-align-left","11":"first","12":"instock","13":"sale","14":"shipping-taxable","15":"purchasable","16":"product-type-simple"},"jetpack_sharing_enabled":true,"uagb_featured_image_src":{"full":["https:\/\/naturalves.com\/wp-content\/uploads\/2021\/09\/AH-FES_Mesa-de-trabajo-1-2.png",2084,2084,false],"thumbnail":["https:\/\/naturalves.com\/wp-content\/uploads\/2021\/09\/AH-FES_Mesa-de-trabajo-1-2-150x150.png",150,150,true],"medium":["https:\/\/naturalves.com\/wp-content\/uploads\/2021\/09\/AH-FES_Mesa-de-trabajo-1-2-300x300.png",300,300,true],"medium_large":["https:\/\/naturalves.com\/wp-content\/uploads\/2021\/09\/AH-FES_Mesa-de-trabajo-1-2-768x768.png",768,768,true],"large":["https:\/\/naturalves.com\/wp-content\/uploads\/2021\/09\/AH-FES_Mesa-de-trabajo-1-2-1024x1024.png",1024,1024,true],"1536x1536":["https:\/\/naturalves.com\/wp-content\/uploads\/2021\/09\/AH-FES_Mesa-de-trabajo-1-2-1536x1536.png",1536,1536,true],"2048x2048":["https:\/\/naturalves.com\/wp-content\/uploads\/2021\/09\/AH-FES_Mesa-de-trabajo-1-2-2048x2048.png",2048,2048,true],"woocommerce_thumbnail":["https:\/\/naturalves.com\/wp-content\/uploads\/2021\/09\/AH-FES_Mesa-de-trabajo-1-2-300x300.png",300,300,true],"woocommerce_single":["https:\/\/naturalves.com\/wp-content\/uploads\/2021\/09\/AH-FES_Mesa-de-trabajo-1-2-600x600.png",600,600,true],"woocommerce_gallery_thumbnail":["https:\/\/naturalves.com\/wp-content\/uploads\/2021\/09\/AH-FES_Mesa-de-trabajo-1-2-100x100.png",100,100,true]},"uagb_author_info":{"display_name":"jlacevedo.1809","author_link":"https:\/\/naturalves.com\/?author=0"},"uagb_comment_info":0,"uagb_excerpt":"Poderosa f\u00f3rmula \u00fanica y magistral que te brinda los nutrientes necesarios para nutrir tu piel, proteger tus articulaciones y ligamentos. Precursor natural de elastina para una piel m\u00e1s tersa y firme","_links":{"self":[{"href":"https:\/\/naturalves.com\/index.php?rest_route=\/wp\/v2\/product\/195","targetHints":{"allow":["GET"]}}],"collection":[{"href":"https:\/\/naturalves.com\/index.php?rest_route=\/wp\/v2\/product"}],"about":[{"href":"https:\/\/naturalves.com\/index.php?rest_route=\/wp\/v2\/types\/product"}],"replies":[{"embeddable":true,"href":"https:\/\/naturalves.com\/index.php?rest_route=%2Fwp%2Fv2%2Fcomments&post=195"}],"wp:featuredmedia":[{"embeddable":true,"href":"https:\/\/naturalves.com\/index.php?rest_route=\/wp\/v2\/media\/1478"}],"wp:attachment":[{"href":"https:\/\/naturalves.com\/index.php?rest_route=%2Fwp%2Fv2%2Fmedia&parent=195"}],"wp:term":[{"taxonomy":"product_cat","embeddable":true,"href":"https:\/\/naturalves.com\/index.php?rest_route=%2Fwp%2Fv2%2Fproduct_cat&post=195"},{"taxonomy":"product_tag","embeddable":true,"href":"https:\/\/naturalves.com\/index.php?rest_route=%2Fwp%2Fv2%2Fproduct_tag&post=195"}],"curies":[{"name":"wp","href":"https:\/\/api.w.org\/{rel}","templated":true}]}}